{"id":540,"date":"2025-03-31T13:24:19","date_gmt":"2025-03-31T11:24:19","guid":{"rendered":"https:\/\/harmonia.umk.pl\/?page_id=540"},"modified":"2025-05-06T14:16:57","modified_gmt":"2025-05-06T12:16:57","slug":"dla-mediow","status":"publish","type":"page","link":"https:\/\/harmonia.umk.pl\/en\/dla-mediow\/","title":{"rendered":"For media"},"content":{"rendered":"<div data-elementor-type=\"wp-page\" data-elementor-id=\"540\" class=\"elementor elementor-540\" data-elementor-post-type=\"page\">\n\t\t\t\t<div class=\"elementor-element elementor-element-bf7065e e-flex e-con-boxed e-con e-parent\" data-id=\"bf7065e\" data-element_type=\"container\">\n\t\t\t\t\t<div class=\"e-con-inner\">\n\t\t<div class=\"elementor-element elementor-element-0ac5974 e-con-full e-flex e-con e-child\" data-id=\"0ac5974\" data-element_type=\"container\">\n\t\t\t\t<div class=\"elementor-element elementor-element-05984a0 elementor-widget elementor-widget-heading\" data-id=\"05984a0\" data-element_type=\"widget\" data-widget_type=\"heading.default\">\n\t\t\t\t<div class=\"elementor-widget-container\">\n\t\t\t\t\t<h2 class=\"elementor-heading-title elementor-size-default\">Press kit<\/h2>\t\t\t\t<\/div>\n\t\t\t\t<\/div>\n\t\t\t\t<div class=\"elementor-element elementor-element-c07b6fa elementor-widget elementor-widget-text-editor\" data-id=\"c07b6fa\" data-element_type=\"widget\" data-widget_type=\"text-editor.default\">\n\t\t\t\t<div class=\"elementor-widget-container\">\n\t\t\t\t\t\t\t\t\t<ul><li><a href=\"https:\/\/harmonia.umk.pl\/wp-content\/uploads\/2025\/03\/Harmony-of-cooperation_press-release.pdf\">press release<\/a><\/li><li><a href=\"https:\/\/harmonia.umk.pl\/wp-content\/uploads\/2025\/05\/pakiet_prasowy.zip\">zdj\u0119cia do pobrania<\/a><\/li><li><a href=\"https:\/\/harmonia.umk.pl\/en\/program\/\">programme\u00a0<\/a><\/li><li><a href=\"https:\/\/harmonia.umk.pl\/wp-content\/uploads\/2025\/04\/logo.zip\">logo<\/a><\/li><li><a href=\"https:\/\/harmonia.umk.pl\/wp-content\/uploads\/2025\/04\/poster.png\">poster<\/a><\/li><\/ul>\t\t\t\t\t\t\t\t<\/div>\n\t\t\t\t<\/div>\n\t\t\t\t<\/div>\n\t\t<div class=\"elementor-element elementor-element-5d62d9d e-con-full e-flex e-con e-child\" data-id=\"5d62d9d\" data-element_type=\"container\">\n\t\t\t\t<div class=\"elementor-element elementor-element-a461c2f elementor-widget elementor-widget-heading\" data-id=\"a461c2f\" data-element_type=\"widget\" data-widget_type=\"heading.default\">\n\t\t\t\t<div class=\"elementor-widget-container\">\n\t\t\t\t\t<h2 class=\"elementor-heading-title elementor-size-default\">Contact<\/h2>\t\t\t\t<\/div>\n\t\t\t\t<\/div>\n\t\t\t\t<div class=\"elementor-element elementor-element-9501541 elementor-widget elementor-widget-text-editor\" data-id=\"9501541\" data-element_type=\"widget\" data-widget_type=\"text-editor.default\">\n\t\t\t\t<div class=\"elementor-widget-container\">\n\t\t\t\t\t\t\t\t\t<p><strong>dr Micha\u0142 Bomastyk<\/strong><\/p><p>project coordinator \u201cHarmony of Heritage and Innovation: Polish-Japanese cooperation in urban studies and Japanese studies\u201d, coordinator of \u201cHarmony of Cooperation\u201d symposium <br> Nicolaus Copernicus University in Toru\u0144<\/p><p>e-mail address: <a href=\"mailto:mbom@umk.pl\">mbom@umk.pl<\/a><\/p><p>phone: +48 56 611-37-15, 516 638\u202f621<\/p>\t\t\t\t\t\t\t\t<\/div>\n\t\t\t\t<\/div>\n\t\t\t\t<\/div>\n\t\t\t\t\t<\/div>\n\t\t\t\t<\/div>\n\t\t\t\t<\/div>","protected":false},"excerpt":{"rendered":"<p>Pakiet prasowy informacja prasowa zdj\u0119cia do pobrania program\u00a0 logo plakat Kontakt dla medi\u00f3w dr Micha\u0142 Bomastyk koordynator projektu \u201eHarmonia dziedzictwa i innowacji: polsko-japo\u0144ska wsp\u00f3\u0142praca w zakresie studi\u00f3w miejskich i japonistyki\u201d oraz sympozjum naukowego \u201eHarmonia Wsp\u00f3\u0142pracy\u201d e-mail: mbom@umk.pl telefon: +48 56 611-37-15, 516 638\u202f621<\/p>","protected":false},"author":1,"featured_media":422,"parent":0,"menu_order":0,"comment_status":"closed","ping_status":"closed","template":"","meta":{"footnotes":"","_links_to":"","_links_to_target":""},"class_list":["post-540","page","type-page","status-publish","has-post-thumbnail","hentry"],"yoast_head":"<!-- This site is optimized with the Yoast SEO plugin v24.9 - https:\/\/yoast.com\/wordpress\/plugins\/seo\/ -->\n<title>Dla medi\u00f3w - Harmonia Wsp\u00f3\u0142pracy<\/title>\n<meta name=\"robots\" content=\"index, follow, max-snippet:-1, max-image-preview:large, max-video-preview:-1\" \/>\n<link rel=\"canonical\" href=\"https:\/\/harmonia.umk.pl\/en\/dla-mediow\/\" \/>\n<meta property=\"og:locale\" content=\"en_GB\" \/>\n<meta property=\"og:type\" content=\"article\" \/>\n<meta property=\"og:title\" content=\"Dla medi\u00f3w - Harmonia Wsp\u00f3\u0142pracy\" \/>\n<meta property=\"og:description\" content=\"Pakiet prasowy informacja prasowa zdj\u0119cia do pobrania program\u00a0 logo plakat Kontakt dla medi\u00f3w dr Micha\u0142 Bomastyk koordynator projektu \u201eHarmonia dziedzictwa i innowacji: polsko-japo\u0144ska wsp\u00f3\u0142praca w zakresie studi\u00f3w miejskich i japonistyki\u201d oraz sympozjum naukowego \u201eHarmonia Wsp\u00f3\u0142pracy\u201d e-mail: mbom@umk.pl telefon: +48 56 611-37-15, 516 638\u202f621\" \/>\n<meta property=\"og:url\" content=\"https:\/\/harmonia.umk.pl\/en\/dla-mediow\/\" \/>\n<meta property=\"og:site_name\" content=\"Harmonia Wsp\u00f3\u0142pracy\" \/>\n<meta property=\"article:modified_time\" content=\"2025-05-06T12:16:57+00:00\" \/>\n<meta property=\"og:image\" content=\"https:\/\/harmonia.umk.pl\/wp-content\/uploads\/2025\/03\/top.png\" \/>\n\t<meta property=\"og:image:width\" content=\"2251\" \/>\n\t<meta property=\"og:image:height\" content=\"790\" \/>\n\t<meta property=\"og:image:type\" content=\"image\/png\" \/>\n<meta name=\"twitter:card\" content=\"summary_large_image\" \/>\n<meta name=\"twitter:label1\" content=\"Estimated reading time\" \/>\n\t<meta name=\"twitter:data1\" content=\"1 minute\" \/>\n<script type=\"application\/ld+json\" class=\"yoast-schema-graph\">{\"@context\":\"https:\/\/schema.org\",\"@graph\":[{\"@type\":\"WebPage\",\"@id\":\"https:\/\/harmonia.umk.pl\/dla-mediow\/\",\"url\":\"https:\/\/harmonia.umk.pl\/dla-mediow\/\",\"name\":\"Dla medi\u00f3w - Harmonia Wsp\u00f3\u0142pracy\",\"isPartOf\":{\"@id\":\"https:\/\/harmonia.umk.pl\/en\/#website\"},\"primaryImageOfPage\":{\"@id\":\"https:\/\/harmonia.umk.pl\/dla-mediow\/#primaryimage\"},\"image\":{\"@id\":\"https:\/\/harmonia.umk.pl\/dla-mediow\/#primaryimage\"},\"thumbnailUrl\":\"https:\/\/harmonia.umk.pl\/wp-content\/uploads\/2025\/03\/top.png\",\"datePublished\":\"2025-03-31T11:24:19+00:00\",\"dateModified\":\"2025-05-06T12:16:57+00:00\",\"breadcrumb\":{\"@id\":\"https:\/\/harmonia.umk.pl\/dla-mediow\/#breadcrumb\"},\"inLanguage\":\"en-GB\",\"potentialAction\":[{\"@type\":\"ReadAction\",\"target\":[\"https:\/\/harmonia.umk.pl\/dla-mediow\/\"]}]},{\"@type\":\"ImageObject\",\"inLanguage\":\"en-GB\",\"@id\":\"https:\/\/harmonia.umk.pl\/dla-mediow\/#primaryimage\",\"url\":\"https:\/\/harmonia.umk.pl\/wp-content\/uploads\/2025\/03\/top.png\",\"contentUrl\":\"https:\/\/harmonia.umk.pl\/wp-content\/uploads\/2025\/03\/top.png\",\"width\":2251,\"height\":790},{\"@type\":\"BreadcrumbList\",\"@id\":\"https:\/\/harmonia.umk.pl\/dla-mediow\/#breadcrumb\",\"itemListElement\":[{\"@type\":\"ListItem\",\"position\":1,\"name\":\"Strona g\u0142\u00f3wna\",\"item\":\"https:\/\/harmonia.umk.pl\/\"},{\"@type\":\"ListItem\",\"position\":2,\"name\":\"Dla medi\u00f3w\"}]},{\"@type\":\"WebSite\",\"@id\":\"https:\/\/harmonia.umk.pl\/en\/#website\",\"url\":\"https:\/\/harmonia.umk.pl\/en\/\",\"name\":\"Harmonia Wsp\u00f3\u0142pracy\",\"description\":\"Sympozjum\",\"publisher\":{\"@id\":\"https:\/\/harmonia.umk.pl\/en\/#organization\"},\"potentialAction\":[{\"@type\":\"SearchAction\",\"target\":{\"@type\":\"EntryPoint\",\"urlTemplate\":\"https:\/\/harmonia.umk.pl\/en\/?s={search_term_string}\"},\"query-input\":{\"@type\":\"PropertyValueSpecification\",\"valueRequired\":true,\"valueName\":\"search_term_string\"}}],\"inLanguage\":\"en-GB\"},{\"@type\":\"Organization\",\"@id\":\"https:\/\/harmonia.umk.pl\/en\/#organization\",\"name\":\"Uniwersytet Miko\u0142aja Kopernika w Toruniu\",\"url\":\"https:\/\/harmonia.umk.pl\/en\/\",\"logo\":{\"@type\":\"ImageObject\",\"inLanguage\":\"en-GB\",\"@id\":\"https:\/\/harmonia.umk.pl\/en\/#\/schema\/logo\/image\/\",\"url\":\"https:\/\/harmonia.umk.pl\/wp-content\/uploads\/2025\/03\/FAV.png\",\"contentUrl\":\"https:\/\/harmonia.umk.pl\/wp-content\/uploads\/2025\/03\/FAV.png\",\"width\":745,\"height\":745,\"caption\":\"Uniwersytet Miko\u0142aja Kopernika w Toruniu\"},\"image\":{\"@id\":\"https:\/\/harmonia.umk.pl\/en\/#\/schema\/logo\/image\/\"}}]}<\/script>\n<!-- \/ Yoast SEO plugin. -->","yoast_head_json":{"title":"Dla medi\u00f3w - Harmonia Wsp\u00f3\u0142pracy","robots":{"index":"index","follow":"follow","max-snippet":"max-snippet:-1","max-image-preview":"max-image-preview:large","max-video-preview":"max-video-preview:-1"},"canonical":"https:\/\/harmonia.umk.pl\/en\/dla-mediow\/","og_locale":"en_GB","og_type":"article","og_title":"Dla medi\u00f3w - Harmonia Wsp\u00f3\u0142pracy","og_description":"Pakiet prasowy informacja prasowa zdj\u0119cia do pobrania program\u00a0 logo plakat Kontakt dla medi\u00f3w dr Micha\u0142 Bomastyk koordynator projektu \u201eHarmonia dziedzictwa i innowacji: polsko-japo\u0144ska wsp\u00f3\u0142praca w zakresie studi\u00f3w miejskich i japonistyki\u201d oraz sympozjum naukowego \u201eHarmonia Wsp\u00f3\u0142pracy\u201d e-mail: mbom@umk.pl telefon: +48 56 611-37-15, 516 638\u202f621","og_url":"https:\/\/harmonia.umk.pl\/en\/dla-mediow\/","og_site_name":"Harmonia Wsp\u00f3\u0142pracy","article_modified_time":"2025-05-06T12:16:57+00:00","og_image":[{"width":2251,"height":790,"url":"https:\/\/harmonia.umk.pl\/wp-content\/uploads\/2025\/03\/top.png","type":"image\/png"}],"twitter_card":"summary_large_image","twitter_misc":{"Estimated reading time":"1 minute"},"schema":{"@context":"https:\/\/schema.org","@graph":[{"@type":"WebPage","@id":"https:\/\/harmonia.umk.pl\/dla-mediow\/","url":"https:\/\/harmonia.umk.pl\/dla-mediow\/","name":"Dla medi\u00f3w - Harmonia Wsp\u00f3\u0142pracy","isPartOf":{"@id":"https:\/\/harmonia.umk.pl\/en\/#website"},"primaryImageOfPage":{"@id":"https:\/\/harmonia.umk.pl\/dla-mediow\/#primaryimage"},"image":{"@id":"https:\/\/harmonia.umk.pl\/dla-mediow\/#primaryimage"},"thumbnailUrl":"https:\/\/harmonia.umk.pl\/wp-content\/uploads\/2025\/03\/top.png","datePublished":"2025-03-31T11:24:19+00:00","dateModified":"2025-05-06T12:16:57+00:00","breadcrumb":{"@id":"https:\/\/harmonia.umk.pl\/dla-mediow\/#breadcrumb"},"inLanguage":"en-GB","potentialAction":[{"@type":"ReadAction","target":["https:\/\/harmonia.umk.pl\/dla-mediow\/"]}]},{"@type":"ImageObject","inLanguage":"en-GB","@id":"https:\/\/harmonia.umk.pl\/dla-mediow\/#primaryimage","url":"https:\/\/harmonia.umk.pl\/wp-content\/uploads\/2025\/03\/top.png","contentUrl":"https:\/\/harmonia.umk.pl\/wp-content\/uploads\/2025\/03\/top.png","width":2251,"height":790},{"@type":"BreadcrumbList","@id":"https:\/\/harmonia.umk.pl\/dla-mediow\/#breadcrumb","itemListElement":[{"@type":"ListItem","position":1,"name":"Strona g\u0142\u00f3wna","item":"https:\/\/harmonia.umk.pl\/"},{"@type":"ListItem","position":2,"name":"Dla medi\u00f3w"}]},{"@type":"WebSite","@id":"https:\/\/harmonia.umk.pl\/en\/#website","url":"https:\/\/harmonia.umk.pl\/en\/","name":"Harmonia Wsp\u00f3\u0142pracy","description":"Sympozjum","publisher":{"@id":"https:\/\/harmonia.umk.pl\/en\/#organization"},"potentialAction":[{"@type":"SearchAction","target":{"@type":"EntryPoint","urlTemplate":"https:\/\/harmonia.umk.pl\/en\/?s={search_term_string}"},"query-input":{"@type":"PropertyValueSpecification","valueRequired":true,"valueName":"search_term_string"}}],"inLanguage":"en-GB"},{"@type":"Organization","@id":"https:\/\/harmonia.umk.pl\/en\/#organization","name":"Uniwersytet Miko\u0142aja Kopernika w Toruniu","url":"https:\/\/harmonia.umk.pl\/en\/","logo":{"@type":"ImageObject","inLanguage":"en-GB","@id":"https:\/\/harmonia.umk.pl\/en\/#\/schema\/logo\/image\/","url":"https:\/\/harmonia.umk.pl\/wp-content\/uploads\/2025\/03\/FAV.png","contentUrl":"https:\/\/harmonia.umk.pl\/wp-content\/uploads\/2025\/03\/FAV.png","width":745,"height":745,"caption":"Uniwersytet Miko\u0142aja Kopernika w Toruniu"},"image":{"@id":"https:\/\/harmonia.umk.pl\/en\/#\/schema\/logo\/image\/"}}]}},"_links":{"self":[{"href":"https:\/\/harmonia.umk.pl\/en\/wp-json\/wp\/v2\/pages\/540","targetHints":{"allow":["GET"]}}],"collection":[{"href":"https:\/\/harmonia.umk.pl\/en\/wp-json\/wp\/v2\/pages"}],"about":[{"href":"https:\/\/harmonia.umk.pl\/en\/wp-json\/wp\/v2\/types\/page"}],"author":[{"embeddable":true,"href":"https:\/\/harmonia.umk.pl\/en\/wp-json\/wp\/v2\/users\/1"}],"replies":[{"embeddable":true,"href":"https:\/\/harmonia.umk.pl\/en\/wp-json\/wp\/v2\/comments?post=540"}],"version-history":[{"count":14,"href":"https:\/\/harmonia.umk.pl\/en\/wp-json\/wp\/v2\/pages\/540\/revisions"}],"predecessor-version":[{"id":1264,"href":"https:\/\/harmonia.umk.pl\/en\/wp-json\/wp\/v2\/pages\/540\/revisions\/1264"}],"wp:featuredmedia":[{"embeddable":true,"href":"https:\/\/harmonia.umk.pl\/en\/wp-json\/wp\/v2\/media\/422"}],"wp:attachment":[{"href":"https:\/\/harmonia.umk.pl\/en\/wp-json\/wp\/v2\/media?parent=540"}],"curies":[{"name":"wp","href":"https:\/\/api.w.org\/{rel}","templated":true}]}}