{"id":454,"date":"2025-03-20T12:54:24","date_gmt":"2025-03-20T11:54:24","guid":{"rendered":"https:\/\/harmonia.umk.pl\/?page_id=454"},"modified":"2025-04-09T09:38:15","modified_gmt":"2025-04-09T07:38:15","slug":"informacje-organizacyjne","status":"publish","type":"page","link":"https:\/\/harmonia.umk.pl\/en\/informacje-organizacyjne\/","title":{"rendered":"Organizational information"},"content":{"rendered":"<div data-elementor-type=\"wp-page\" data-elementor-id=\"454\" class=\"elementor elementor-454\" data-elementor-post-type=\"page\">\n\t\t\t\t<div class=\"elementor-element elementor-element-29c8d1d e-flex e-con-boxed e-con e-parent\" data-id=\"29c8d1d\" data-element_type=\"container\">\n\t\t\t\t\t<div class=\"e-con-inner\">\n\t\t\t\t<div class=\"elementor-element elementor-element-c4040ce elementor-widget elementor-widget-heading\" data-id=\"c4040ce\" data-element_type=\"widget\" data-widget_type=\"heading.default\">\n\t\t\t\t<div class=\"elementor-widget-container\">\n\t\t\t\t\t<h2 class=\"elementor-heading-title elementor-size-default\">The harmony of Polish-Japanese cooperation<\/h2>\t\t\t\t<\/div>\n\t\t\t\t<\/div>\n\t\t\t\t<div class=\"elementor-element elementor-element-0aade18 elementor-widget elementor-widget-text-editor\" data-id=\"0aade18\" data-element_type=\"widget\" data-widget_type=\"text-editor.default\">\n\t\t\t\t<div class=\"elementor-widget-container\">\n\t\t\t\t\t\t\t\t\t<p class=\"translation-block\">In connection with Poland's participation in the <a href=\"https:\/\/expo.gov.pl\/\" target=\"_blank\" rel=\"noopener\"> World Expo 2025 Osaka<\/a>, Kansai, <a href=\"https:\/\/www.umk.pl\/en\/\" target=\"_blank\" rel=\"noopener\">Nicolaus Copernicus University in Toru\u0144 <\/a>, in cooperation with the<a href=\"https:\/\/www.paih.gov.pl\/en\/\" target=\"_blank\" rel=\"noopener\">  Polish Investment and Trade Agency<\/a>, is implementing a project funded by the <a href=\"https:\/\/nawa.gov.pl\/en\/\" target=\"_blank\" rel=\"noopener\">Polish National Agency for Academic Exchange <\/a> , titled \u201cHarmony of Heritage and Innovation: Polish-Japanese cooperation in the field of urban studies and Japanese studies\u201d. \n\nAs part of this project, on the <strong>23-25 April <\/strong>an international academic event will take place. The event will be held at the partner <a href=\"https:\/\/www.kobe-u.ac.jp\/en\/\" target=\"_blank\" rel=\"noopener\"> <strong>Kobe University<\/strong> <\/a>. It will be participated by scientists and experts from both universities, as well as representatives of the Municipal Office of Toru\u0144 and other municipal institutions of Toru\u0144.<\/p><p>The three-day symposium entitled \u201cHarmony of Cooperation\u201d will be filled with numerous presentations and discussions on cooperation between the two universities in areas like Japanese studies, Japanese culture, cultural heritage, scientific research and education.<\/p><p class=\"translation-block\">The symposium \u201cHarmony of Cooperation\u201d, beyond emphasizing the cooperation between Nicolaus Copernicus University in Toru\u0144 and Kobe University, also accents the role of the <a href=\"https:\/\/torun.pl\/pl\" target=\"_blank\" rel=\"noopener\">City of Toru\u0144 <\/a> as a significant partner of NCU. The partnership between NCU and the city will resonate particularly strongly on the third day of the symposium. On that day, the issues relating to the newly opened Urban Lab in Toru\u0144, <a href=\"https:\/\/koi.umk.pl\/pages\/home\" target=\"_blank\" rel=\"noopener\">NCU Copernican Integration Centre <\/a> and engaging third sector organizations will be discussed.<\/p>\t\t\t\t\t\t\t\t<\/div>\n\t\t\t\t<\/div>\n\t\t\t\t<div class=\"elementor-element elementor-element-a980799 elementor-icon-list--layout-inline elementor-align-center elementor-list-item-link-full_width elementor-invisible elementor-widget elementor-widget-icon-list\" data-id=\"a980799\" data-element_type=\"widget\" data-settings=\"{&quot;_animation&quot;:&quot;fadeInLeft&quot;}\" data-widget_type=\"icon-list.default\">\n\t\t\t\t<div class=\"elementor-widget-container\">\n\t\t\t\t\t\t\t<ul class=\"elementor-icon-list-items elementor-inline-items\">\n\t\t\t\t\t\t\t<li class=\"elementor-icon-list-item elementor-inline-item\">\n\t\t\t\t\t\t\t\t\t\t\t<a href=\"https:\/\/harmonia.umk.pl\/en\/program\/\">\n\n\t\t\t\t\t\t\t\t\t\t\t\t<span class=\"elementor-icon-list-icon\">\n\t\t\t\t\t\t\t<svg aria-hidden=\"true\" class=\"e-font-icon-svg e-far-file-alt\" viewbox=\"0 0 384 512\" xmlns=\"http:\/\/www.w3.org\/2000\/svg\"><path d=\"M288 248v28c0 6.6-5.4 12-12 12H108c-6.6 0-12-5.4-12-12v-28c0-6.6 5.4-12 12-12h168c6.6 0 12 5.4 12 12zm-12 72H108c-6.6 0-12 5.4-12 12v28c0 6.6 5.4 12 12 12h168c6.6 0 12-5.4 12-12v-28c0-6.6-5.4-12-12-12zm108-188.1V464c0 26.5-21.5 48-48 48H48c-26.5 0-48-21.5-48-48V48C0 21.5 21.5 0 48 0h204.1C264.8 0 277 5.1 286 14.1L369.9 98c9 8.9 14.1 21.2 14.1 33.9zm-128-80V128h76.1L256 51.9zM336 464V176H232c-13.3 0-24-10.7-24-24V48H48v416h288z\"><\/path><\/svg>\t\t\t\t\t\t<\/span>\n\t\t\t\t\t\t\t\t\t\t<span class=\"elementor-icon-list-text\">Symposium Programme<\/span>\n\t\t\t\t\t\t\t\t\t\t\t<\/a>\n\t\t\t\t\t\t\t\t\t<\/li>\n\t\t\t\t\t\t\t\t<li class=\"elementor-icon-list-item elementor-inline-item\">\n\t\t\t\t\t\t\t\t\t\t\t<a href=\"https:\/\/harmonia.umk.pl\/en\/#prelegenci\">\n\n\t\t\t\t\t\t\t\t\t\t\t\t<span class=\"elementor-icon-list-icon\">\n\t\t\t\t\t\t\t<svg aria-hidden=\"true\" class=\"e-font-icon-svg e-fas-address-card\" viewbox=\"0 0 576 512\" xmlns=\"http:\/\/www.w3.org\/2000\/svg\"><path d=\"M528 32H48C21.5 32 0 53.5 0 80v352c0 26.5 21.5 48 48 48h480c26.5 0 48-21.5 48-48V80c0-26.5-21.5-48-48-48zm-352 96c35.3 0 64 28.7 64 64s-28.7 64-64 64-64-28.7-64-64 28.7-64 64-64zm112 236.8c0 10.6-10 19.2-22.4 19.2H86.4C74 384 64 375.4 64 364.8v-19.2c0-31.8 30.1-57.6 67.2-57.6h5c12.3 5.1 25.7 8 39.8 8s27.6-2.9 39.8-8h5c37.1 0 67.2 25.8 67.2 57.6v19.2zM512 312c0 4.4-3.6 8-8 8H360c-4.4 0-8-3.6-8-8v-16c0-4.4 3.6-8 8-8h144c4.4 0 8 3.6 8 8v16zm0-64c0 4.4-3.6 8-8 8H360c-4.4 0-8-3.6-8-8v-16c0-4.4 3.6-8 8-8h144c4.4 0 8 3.6 8 8v16zm0-64c0 4.4-3.6 8-8 8H360c-4.4 0-8-3.6-8-8v-16c0-4.4 3.6-8 8-8h144c4.4 0 8 3.6 8 8v16z\"><\/path><\/svg>\t\t\t\t\t\t<\/span>\n\t\t\t\t\t\t\t\t\t\t<span class=\"elementor-icon-list-text\">List of speakers<\/span>\n\t\t\t\t\t\t\t\t\t\t\t<\/a>\n\t\t\t\t\t\t\t\t\t<\/li>\n\t\t\t\t\t\t\t\t<li class=\"elementor-icon-list-item elementor-inline-item\">\n\t\t\t\t\t\t\t\t\t\t\t<a href=\"https:\/\/harmonia.umk.pl\/en\/#mapa\">\n\n\t\t\t\t\t\t\t\t\t\t\t\t<span class=\"elementor-icon-list-icon\">\n\t\t\t\t\t\t\t<svg aria-hidden=\"true\" class=\"e-font-icon-svg e-fas-map-marked-alt\" viewbox=\"0 0 576 512\" xmlns=\"http:\/\/www.w3.org\/2000\/svg\"><path d=\"M288 0c-69.59 0-126 56.41-126 126 0 56.26 82.35 158.8 113.9 196.02 6.39 7.54 17.82 7.54 24.2 0C331.65 284.8 414 182.26 414 126 414 56.41 357.59 0 288 0zm0 168c-23.2 0-42-18.8-42-42s18.8-42 42-42 42 18.8 42 42-18.8 42-42 42zM20.12 215.95A32.006 32.006 0 0 0 0 245.66v250.32c0 11.32 11.43 19.06 21.94 14.86L160 448V214.92c-8.84-15.98-16.07-31.54-21.25-46.42L20.12 215.95zM288 359.67c-14.07 0-27.38-6.18-36.51-16.96-19.66-23.2-40.57-49.62-59.49-76.72v182l192 64V266c-18.92 27.09-39.82 53.52-59.49 76.72-9.13 10.77-22.44 16.95-36.51 16.95zm266.06-198.51L416 224v288l139.88-55.95A31.996 31.996 0 0 0 576 426.34V176.02c0-11.32-11.43-19.06-21.94-14.86z\"><\/path><\/svg>\t\t\t\t\t\t<\/span>\n\t\t\t\t\t\t\t\t\t\t<span class=\"elementor-icon-list-text\">How to get there<\/span>\n\t\t\t\t\t\t\t\t\t\t\t<\/a>\n\t\t\t\t\t\t\t\t\t<\/li>\n\t\t\t\t\t\t<\/ul>\n\t\t\t\t\t\t<\/div>\n\t\t\t\t<\/div>\n\t\t\t\t<div class=\"elementor-element elementor-element-9a5ecf3 elementor-widget elementor-widget-heading\" data-id=\"9a5ecf3\" data-element_type=\"widget\" data-widget_type=\"heading.default\">\n\t\t\t\t<div class=\"elementor-widget-container\">\n\t\t\t\t\t<h2 class=\"elementor-heading-title elementor-size-default\">Learn more about the Nicolaus Copernicus University in Toru\u0144<\/h2>\t\t\t\t<\/div>\n\t\t\t\t<\/div>\n\t\t\t\t<div class=\"elementor-element elementor-element-b0fd4e9 elementor-widget elementor-widget-text-editor\" data-id=\"b0fd4e9\" data-element_type=\"widget\" data-widget_type=\"text-editor.default\">\n\t\t\t\t<div class=\"elementor-widget-container\">\n\t\t\t\t\t\t\t\t\t<p>Knowledge imparted with passion, a wide choice of study programs, a European model of education, attention to the well-being of the academic community - it is worth making Nicolaus Copernicus University in Toru\u0144 your next stop on the path of education and development.<\/p><p>Nicolaus Copernicus University in Toru\u0144 is the largest university in northern Poland and one of the leading in the country. It has 80 years of tradition. It is made up of 16 faculties, including three at NCU Collegium Medicum in Bydgoszcz. In Toru\u0144, most of the faculties are located in a compact campus set amidst greenery, which includes the University Library, student dormitories, and relaxation and integration areas.<\/p><p>The center's strong scientific potential is confirmed by its membership in the elite group of the top 10 Polish research universities, selected in a competition by the Ministry of Science and Higher Education. The high level of teaching is evidenced by international accreditations, including AACSB, AMBA, Eurolabel, ENAEE.<\/p><p>NCU's research potential translates into a broad educational offer of more than 100 study programs. There are both university classics, as well as medical faculties, artistic faculties, including the conservation of works of art, and innovative, interdisciplinary ones, responding to modern challenges, such as cognitive science and digital economy. Excellent study conditions are provided by modern research and teaching facilities. Among many investments of this type there are the Center for Research and Conservation of Cultural Heritage, the Center for Technical Sciences, the Institute of Psychology, designed with the participation of the academic community, and the Institute of Veterinary Medicine with a clinic for horses and a clinic for small animals.<\/p><p>In addition, educational and research passions can be fulfilled in more than 100 scientific clubs and student organizations, competency blocks can be fulfilled and certificates confirming acquired competencies can be obtained free of charge, and as part of the Excellence Initiative, scholarships and research grants can be applied for.<\/p><p>What distinguishes NCU from other universities is its special approach to sports. For several years, the university has been running the Student-Athlete Dual Career Program, supporting the harmonious combination of studies and a professional sports career. Amateurs of a healthy lifestyle have at their disposal a well-equipped complex of the University Sports Center with a swimming pool, playing fields, courts and a wellness area. An expression of concern for well-being is also the activity of the University Support and Development Center, which offers free counselling and psychiatric assistance, as well as self-development trainings.<\/p><p><strong>FROM HERE YOU CAN GO ANYWHERE!<\/strong><\/p>\t\t\t\t\t\t\t\t<\/div>\n\t\t\t\t<\/div>\n\t\t\t\t\t<\/div>\n\t\t\t\t<\/div>\n\t\t<div class=\"elementor-element elementor-element-a1c65f2 e-flex e-con-boxed e-con e-parent\" data-id=\"a1c65f2\" data-element_type=\"container\">\n\t\t\t\t\t<div class=\"e-con-inner\">\n\t\t\t\t<div class=\"elementor-element elementor-element-1c2ee08 elementor-widget elementor-widget-video\" data-id=\"1c2ee08\" data-element_type=\"widget\" data-settings=\"{&quot;youtube_url&quot;:&quot;https:\\\/\\\/www.youtube.com\\\/embed\\\/UY3FBoRcEzM?si=_sHWejy6OA12qtcX&quot;,&quot;video_type&quot;:&quot;youtube&quot;,&quot;controls&quot;:&quot;yes&quot;}\" data-widget_type=\"video.default\">\n\t\t\t\t<div class=\"elementor-widget-container\">\n\t\t\t\t\t\t\t<div class=\"elementor-wrapper elementor-open-inline\">\n\t\t\t<div class=\"elementor-video\"><\/div>\t\t<\/div>\n\t\t\t\t\t\t<\/div>\n\t\t\t\t<\/div>\n\t\t\t\t\t<\/div>\n\t\t\t\t<\/div>\n\t\t<div class=\"elementor-element elementor-element-3d346bf e-flex e-con-boxed e-con e-parent\" data-id=\"3d346bf\" data-element_type=\"container\">\n\t\t\t\t\t<div class=\"e-con-inner\">\n\t\t\t\t<div class=\"elementor-element elementor-element-c4560c8 elementor-widget elementor-widget-heading\" data-id=\"c4560c8\" data-element_type=\"widget\" data-widget_type=\"heading.default\">\n\t\t\t\t<div class=\"elementor-widget-container\">\n\t\t\t\t\t<h2 class=\"elementor-heading-title elementor-size-default\">Learn more about Kobe University<\/h2>\t\t\t\t<\/div>\n\t\t\t\t<\/div>\n\t\t\t\t<div class=\"elementor-element elementor-element-dd5724d elementor-widget elementor-widget-text-editor\" data-id=\"dd5724d\" data-element_type=\"widget\" data-widget_type=\"text-editor.default\">\n\t\t\t\t<div class=\"elementor-widget-container\">\n\t\t\t\t\t\t\t\t\t<p>Formally established in 1949, Kobe University is a national university based in western Japan. Its roots date back further, to 1902, when it was originally known as Kobe Higher Commercial School. Today, Kobe University is one of Japan\u2019s leading comprehensive universities with 10 faculties and schools, 15 graduate schools and a great number of research centers and institutions.<\/p><p>Taking advantage of our traditional strengths in the social sciences combined with more recent initiatives across the natural and biomedical sciences, Kobe University is promoting interdisciplinary research and education to become an outstanding research university. We are committed to creating knowledge and new values to address the challenges facing our society.<\/p><p><strong>Global engagement<\/strong><\/p><p>Kobe has grown as an international gateway to Japan. In this soil Kobe University has nurtured a global network based on the principles of knowledge creation, sharing and circulation, international cooperation, exchange and cultivation of leadership talent.<\/p><p><strong>Diversity and inclusion <\/strong><\/p><p>Kobe University respects each individual as a human being, regardless of gender, sexual orientation, gender identity, ethnicity, culture, religion, language, origin, age, educational background, physical or mental characteristics, and provides an educational, research, and work environment where each individual can demonstrate their individuality and abilities.<\/p>\t\t\t\t\t\t\t\t<\/div>\n\t\t\t\t<\/div>\n\t\t\t\t\t<\/div>\n\t\t\t\t<\/div>\n\t\t<div class=\"elementor-element elementor-element-5fb8f4f e-flex e-con-boxed e-con e-parent\" data-id=\"5fb8f4f\" data-element_type=\"container\">\n\t\t\t\t\t<div class=\"e-con-inner\">\n\t\t\t\t<div class=\"elementor-element elementor-element-b03ad5a elementor-widget elementor-widget-video\" data-id=\"b03ad5a\" data-element_type=\"widget\" data-settings=\"{&quot;youtube_url&quot;:&quot;https:\\\/\\\/www.youtube.com\\\/embed\\\/YvFVDP4gUxQ?si=m4C5x2jgKGPMcrmz&quot;,&quot;video_type&quot;:&quot;youtube&quot;,&quot;controls&quot;:&quot;yes&quot;}\" data-widget_type=\"video.default\">\n\t\t\t\t<div class=\"elementor-widget-container\">\n\t\t\t\t\t\t\t<div class=\"elementor-wrapper elementor-open-inline\">\n\t\t\t<div class=\"elementor-video\"><\/div>\t\t<\/div>\n\t\t\t\t\t\t<\/div>\n\t\t\t\t<\/div>\n\t\t\t\t\t<\/div>\n\t\t\t\t<\/div>\n\t\t\t\t<\/div>","protected":false},"excerpt":{"rendered":"<p>Harmonia wsp\u00f3\u0142pracy polsko-japo\u0144skiej W zwi\u0105zku z obecno\u015bci\u0105 Polski na Wystawie \u015awiatowej Expo 2025 Osaka, Kansai\u00a0 Uniwersytet Miko\u0142aja Kopernika w Toruniu , we wsp\u00f3\u0142pracy z Polsk\u0105 Agencj\u0105 Inwestycji i Handlu ,\u00a0realizuje\u00a0projekt finansowany ze \u015brodk\u00f3w Narodowej Agencji Wymiany Akademickiej \u201eHarmonia dziedzictwa i innowacji: polsko-japo\u0144ska wsp\u00f3\u0142praca w zakresie studi\u00f3w miejskich i japonistyki\u201d. W ramach tego projektu\u00a023-25 kwietnia na [&hellip;]<\/p>","protected":false},"author":1,"featured_media":422,"parent":0,"menu_order":0,"comment_status":"closed","ping_status":"closed","template":"","meta":{"footnotes":"","_links_to":"","_links_to_target":""},"class_list":["post-454","page","type-page","status-publish","has-post-thumbnail","hentry"],"yoast_head":"<!-- This site is optimized with the Yoast SEO plugin v24.9 - https:\/\/yoast.com\/wordpress\/plugins\/seo\/ -->\n<title>Informacje organizacyjne - Harmonia Wsp\u00f3\u0142pracy<\/title>\n<meta name=\"robots\" content=\"index, follow, max-snippet:-1, max-image-preview:large, max-video-preview:-1\" \/>\n<link rel=\"canonical\" href=\"https:\/\/harmonia.umk.pl\/en\/informacje-organizacyjne\/\" \/>\n<meta property=\"og:locale\" content=\"en_GB\" \/>\n<meta property=\"og:type\" content=\"article\" \/>\n<meta property=\"og:title\" content=\"Informacje organizacyjne - Harmonia Wsp\u00f3\u0142pracy\" \/>\n<meta property=\"og:description\" content=\"Harmonia wsp\u00f3\u0142pracy polsko-japo\u0144skiej W zwi\u0105zku z obecno\u015bci\u0105 Polski na Wystawie \u015awiatowej Expo 2025 Osaka, Kansai\u00a0 Uniwersytet Miko\u0142aja Kopernika w Toruniu , we wsp\u00f3\u0142pracy z Polsk\u0105 Agencj\u0105 Inwestycji i Handlu ,\u00a0realizuje\u00a0projekt finansowany ze \u015brodk\u00f3w Narodowej Agencji Wymiany Akademickiej \u201eHarmonia dziedzictwa i innowacji: polsko-japo\u0144ska wsp\u00f3\u0142praca w zakresie studi\u00f3w miejskich i japonistyki\u201d. W ramach tego projektu\u00a023-25 kwietnia na [&hellip;]\" \/>\n<meta property=\"og:url\" content=\"https:\/\/harmonia.umk.pl\/en\/informacje-organizacyjne\/\" \/>\n<meta property=\"og:site_name\" content=\"Harmonia Wsp\u00f3\u0142pracy\" \/>\n<meta property=\"article:modified_time\" content=\"2025-04-09T07:38:15+00:00\" \/>\n<meta property=\"og:image\" content=\"https:\/\/harmonia.umk.pl\/wp-content\/uploads\/2025\/03\/top.png\" \/>\n\t<meta property=\"og:image:width\" content=\"2251\" \/>\n\t<meta property=\"og:image:height\" content=\"790\" \/>\n\t<meta property=\"og:image:type\" content=\"image\/png\" \/>\n<meta name=\"twitter:card\" content=\"summary_large_image\" \/>\n<meta name=\"twitter:label1\" content=\"Estimated reading time\" \/>\n\t<meta name=\"twitter:data1\" content=\"4 minutes\" \/>\n<script type=\"application\/ld+json\" class=\"yoast-schema-graph\">{\"@context\":\"https:\/\/schema.org\",\"@graph\":[{\"@type\":\"WebPage\",\"@id\":\"https:\/\/harmonia.umk.pl\/informacje-organizacyjne\/\",\"url\":\"https:\/\/harmonia.umk.pl\/informacje-organizacyjne\/\",\"name\":\"Informacje organizacyjne - Harmonia Wsp\u00f3\u0142pracy\",\"isPartOf\":{\"@id\":\"https:\/\/harmonia.umk.pl\/en\/#website\"},\"primaryImageOfPage\":{\"@id\":\"https:\/\/harmonia.umk.pl\/informacje-organizacyjne\/#primaryimage\"},\"image\":{\"@id\":\"https:\/\/harmonia.umk.pl\/informacje-organizacyjne\/#primaryimage\"},\"thumbnailUrl\":\"https:\/\/harmonia.umk.pl\/wp-content\/uploads\/2025\/03\/top.png\",\"datePublished\":\"2025-03-20T11:54:24+00:00\",\"dateModified\":\"2025-04-09T07:38:15+00:00\",\"breadcrumb\":{\"@id\":\"https:\/\/harmonia.umk.pl\/informacje-organizacyjne\/#breadcrumb\"},\"inLanguage\":\"en-GB\",\"potentialAction\":[{\"@type\":\"ReadAction\",\"target\":[\"https:\/\/harmonia.umk.pl\/informacje-organizacyjne\/\"]}]},{\"@type\":\"ImageObject\",\"inLanguage\":\"en-GB\",\"@id\":\"https:\/\/harmonia.umk.pl\/informacje-organizacyjne\/#primaryimage\",\"url\":\"https:\/\/harmonia.umk.pl\/wp-content\/uploads\/2025\/03\/top.png\",\"contentUrl\":\"https:\/\/harmonia.umk.pl\/wp-content\/uploads\/2025\/03\/top.png\",\"width\":2251,\"height\":790},{\"@type\":\"BreadcrumbList\",\"@id\":\"https:\/\/harmonia.umk.pl\/informacje-organizacyjne\/#breadcrumb\",\"itemListElement\":[{\"@type\":\"ListItem\",\"position\":1,\"name\":\"Strona g\u0142\u00f3wna\",\"item\":\"https:\/\/harmonia.umk.pl\/\"},{\"@type\":\"ListItem\",\"position\":2,\"name\":\"Informacje organizacyjne\"}]},{\"@type\":\"WebSite\",\"@id\":\"https:\/\/harmonia.umk.pl\/en\/#website\",\"url\":\"https:\/\/harmonia.umk.pl\/en\/\",\"name\":\"Harmonia Wsp\u00f3\u0142pracy\",\"description\":\"Sympozjum\",\"publisher\":{\"@id\":\"https:\/\/harmonia.umk.pl\/en\/#organization\"},\"potentialAction\":[{\"@type\":\"SearchAction\",\"target\":{\"@type\":\"EntryPoint\",\"urlTemplate\":\"https:\/\/harmonia.umk.pl\/en\/?s={search_term_string}\"},\"query-input\":{\"@type\":\"PropertyValueSpecification\",\"valueRequired\":true,\"valueName\":\"search_term_string\"}}],\"inLanguage\":\"en-GB\"},{\"@type\":\"Organization\",\"@id\":\"https:\/\/harmonia.umk.pl\/en\/#organization\",\"name\":\"Uniwersytet Miko\u0142aja Kopernika w Toruniu\",\"url\":\"https:\/\/harmonia.umk.pl\/en\/\",\"logo\":{\"@type\":\"ImageObject\",\"inLanguage\":\"en-GB\",\"@id\":\"https:\/\/harmonia.umk.pl\/en\/#\/schema\/logo\/image\/\",\"url\":\"https:\/\/harmonia.umk.pl\/wp-content\/uploads\/2025\/03\/FAV.png\",\"contentUrl\":\"https:\/\/harmonia.umk.pl\/wp-content\/uploads\/2025\/03\/FAV.png\",\"width\":745,\"height\":745,\"caption\":\"Uniwersytet Miko\u0142aja Kopernika w Toruniu\"},\"image\":{\"@id\":\"https:\/\/harmonia.umk.pl\/en\/#\/schema\/logo\/image\/\"}}]}<\/script>\n<!-- \/ Yoast SEO plugin. -->","yoast_head_json":{"title":"Informacje organizacyjne - Harmonia Wsp\u00f3\u0142pracy","robots":{"index":"index","follow":"follow","max-snippet":"max-snippet:-1","max-image-preview":"max-image-preview:large","max-video-preview":"max-video-preview:-1"},"canonical":"https:\/\/harmonia.umk.pl\/en\/informacje-organizacyjne\/","og_locale":"en_GB","og_type":"article","og_title":"Informacje organizacyjne - Harmonia Wsp\u00f3\u0142pracy","og_description":"Harmonia wsp\u00f3\u0142pracy polsko-japo\u0144skiej W zwi\u0105zku z obecno\u015bci\u0105 Polski na Wystawie \u015awiatowej Expo 2025 Osaka, Kansai\u00a0 Uniwersytet Miko\u0142aja Kopernika w Toruniu , we wsp\u00f3\u0142pracy z Polsk\u0105 Agencj\u0105 Inwestycji i Handlu ,\u00a0realizuje\u00a0projekt finansowany ze \u015brodk\u00f3w Narodowej Agencji Wymiany Akademickiej \u201eHarmonia dziedzictwa i innowacji: polsko-japo\u0144ska wsp\u00f3\u0142praca w zakresie studi\u00f3w miejskich i japonistyki\u201d. W ramach tego projektu\u00a023-25 kwietnia na [&hellip;]","og_url":"https:\/\/harmonia.umk.pl\/en\/informacje-organizacyjne\/","og_site_name":"Harmonia Wsp\u00f3\u0142pracy","article_modified_time":"2025-04-09T07:38:15+00:00","og_image":[{"width":2251,"height":790,"url":"https:\/\/harmonia.umk.pl\/wp-content\/uploads\/2025\/03\/top.png","type":"image\/png"}],"twitter_card":"summary_large_image","twitter_misc":{"Estimated reading time":"4 minutes"},"schema":{"@context":"https:\/\/schema.org","@graph":[{"@type":"WebPage","@id":"https:\/\/harmonia.umk.pl\/informacje-organizacyjne\/","url":"https:\/\/harmonia.umk.pl\/informacje-organizacyjne\/","name":"Informacje organizacyjne - Harmonia Wsp\u00f3\u0142pracy","isPartOf":{"@id":"https:\/\/harmonia.umk.pl\/en\/#website"},"primaryImageOfPage":{"@id":"https:\/\/harmonia.umk.pl\/informacje-organizacyjne\/#primaryimage"},"image":{"@id":"https:\/\/harmonia.umk.pl\/informacje-organizacyjne\/#primaryimage"},"thumbnailUrl":"https:\/\/harmonia.umk.pl\/wp-content\/uploads\/2025\/03\/top.png","datePublished":"2025-03-20T11:54:24+00:00","dateModified":"2025-04-09T07:38:15+00:00","breadcrumb":{"@id":"https:\/\/harmonia.umk.pl\/informacje-organizacyjne\/#breadcrumb"},"inLanguage":"en-GB","potentialAction":[{"@type":"ReadAction","target":["https:\/\/harmonia.umk.pl\/informacje-organizacyjne\/"]}]},{"@type":"ImageObject","inLanguage":"en-GB","@id":"https:\/\/harmonia.umk.pl\/informacje-organizacyjne\/#primaryimage","url":"https:\/\/harmonia.umk.pl\/wp-content\/uploads\/2025\/03\/top.png","contentUrl":"https:\/\/harmonia.umk.pl\/wp-content\/uploads\/2025\/03\/top.png","width":2251,"height":790},{"@type":"BreadcrumbList","@id":"https:\/\/harmonia.umk.pl\/informacje-organizacyjne\/#breadcrumb","itemListElement":[{"@type":"ListItem","position":1,"name":"Strona g\u0142\u00f3wna","item":"https:\/\/harmonia.umk.pl\/"},{"@type":"ListItem","position":2,"name":"Informacje organizacyjne"}]},{"@type":"WebSite","@id":"https:\/\/harmonia.umk.pl\/en\/#website","url":"https:\/\/harmonia.umk.pl\/en\/","name":"Harmonia Wsp\u00f3\u0142pracy","description":"Sympozjum","publisher":{"@id":"https:\/\/harmonia.umk.pl\/en\/#organization"},"potentialAction":[{"@type":"SearchAction","target":{"@type":"EntryPoint","urlTemplate":"https:\/\/harmonia.umk.pl\/en\/?s={search_term_string}"},"query-input":{"@type":"PropertyValueSpecification","valueRequired":true,"valueName":"search_term_string"}}],"inLanguage":"en-GB"},{"@type":"Organization","@id":"https:\/\/harmonia.umk.pl\/en\/#organization","name":"Uniwersytet Miko\u0142aja Kopernika w Toruniu","url":"https:\/\/harmonia.umk.pl\/en\/","logo":{"@type":"ImageObject","inLanguage":"en-GB","@id":"https:\/\/harmonia.umk.pl\/en\/#\/schema\/logo\/image\/","url":"https:\/\/harmonia.umk.pl\/wp-content\/uploads\/2025\/03\/FAV.png","contentUrl":"https:\/\/harmonia.umk.pl\/wp-content\/uploads\/2025\/03\/FAV.png","width":745,"height":745,"caption":"Uniwersytet Miko\u0142aja Kopernika w Toruniu"},"image":{"@id":"https:\/\/harmonia.umk.pl\/en\/#\/schema\/logo\/image\/"}}]}},"_links":{"self":[{"href":"https:\/\/harmonia.umk.pl\/en\/wp-json\/wp\/v2\/pages\/454","targetHints":{"allow":["GET"]}}],"collection":[{"href":"https:\/\/harmonia.umk.pl\/en\/wp-json\/wp\/v2\/pages"}],"about":[{"href":"https:\/\/harmonia.umk.pl\/en\/wp-json\/wp\/v2\/types\/page"}],"author":[{"embeddable":true,"href":"https:\/\/harmonia.umk.pl\/en\/wp-json\/wp\/v2\/users\/1"}],"replies":[{"embeddable":true,"href":"https:\/\/harmonia.umk.pl\/en\/wp-json\/wp\/v2\/comments?post=454"}],"version-history":[{"count":38,"href":"https:\/\/harmonia.umk.pl\/en\/wp-json\/wp\/v2\/pages\/454\/revisions"}],"predecessor-version":[{"id":760,"href":"https:\/\/harmonia.umk.pl\/en\/wp-json\/wp\/v2\/pages\/454\/revisions\/760"}],"wp:featuredmedia":[{"embeddable":true,"href":"https:\/\/harmonia.umk.pl\/en\/wp-json\/wp\/v2\/media\/422"}],"wp:attachment":[{"href":"https:\/\/harmonia.umk.pl\/en\/wp-json\/wp\/v2\/media?parent=454"}],"curies":[{"name":"wp","href":"https:\/\/api.w.org\/{rel}","templated":true}]}}